{"id":397,"date":"2023-05-18T15:31:59","date_gmt":"2023-05-18T15:31:59","guid":{"rendered":"https:\/\/sanpedrohuancayo.edu.pe\/?page_id=397"},"modified":"2025-11-24T14:55:25","modified_gmt":"2025-11-24T14:55:25","slug":"documentos","status":"publish","type":"page","link":"https:\/\/sanpedrohuancayo.edu.pe\/index.php\/documentos\/","title":{"rendered":"Documentos"},"content":{"rendered":"\t\t<div data-elementor-type=\"wp-page\" data-elementor-id=\"397\" class=\"elementor elementor-397\">\n\t\t\t\t\t\t<section class=\"elementor-section elementor-top-section elementor-element elementor-element-dc5e1f3 elementor-section-boxed elementor-section-height-default elementor-section-height-default jltma-glass-effect-no\" data-id=\"dc5e1f3\" data-element_type=\"section\">\n\t\t\t\t\t\t<div class=\"elementor-container elementor-column-gap-default\">\n\t\t\t\t\t<div class=\"elementor-column elementor-col-100 elementor-top-column elementor-element elementor-element-7dd6c24b jltma-glass-effect-no\" data-id=\"7dd6c24b\" data-element_type=\"column\">\n\t\t\t<div class=\"elementor-widget-wrap elementor-element-populated\">\n\t\t\t\t\t\t<div class=\"elementor-element elementor-element-4cc19e0c jltma-glass-effect-no elementor-widget elementor-widget-heading\" data-id=\"4cc19e0c\" data-element_type=\"widget\" data-widget_type=\"heading.default\">\n\t\t\t\t<div class=\"elementor-widget-container\">\n\t\t\t\t\t<h3 class=\"elementor-heading-title elementor-size-default\">Documentos de Gesti\u00f3n Institucional 2025<\/h3>\t\t\t\t<\/div>\n\t\t\t\t<\/div>\n\t\t\t\t\t<\/div>\n\t\t<\/div>\n\t\t\t\t\t<\/div>\n\t\t<\/section>\n\t\t\t\t<section class=\"elementor-section elementor-top-section elementor-element elementor-element-a4413b3 elementor-section-boxed elementor-section-height-default elementor-section-height-default jltma-glass-effect-no\" data-id=\"a4413b3\" data-element_type=\"section\">\n\t\t\t\t\t\t<div class=\"elementor-container elementor-column-gap-default\">\n\t\t\t\t\t<div class=\"elementor-column elementor-col-33 elementor-top-column elementor-element elementor-element-bde8ea7 jltma-glass-effect-no\" data-id=\"bde8ea7\" data-element_type=\"column\">\n\t\t\t<div class=\"elementor-widget-wrap elementor-element-populated\">\n\t\t\t\t\t\t<div class=\"elementor-element elementor-element-a47138a elementor-view-default elementor-position-top elementor-mobile-position-top jltma-glass-effect-no elementor-widget elementor-widget-icon-box\" data-id=\"a47138a\" data-element_type=\"widget\" data-widget_type=\"icon-box.default\">\n\t\t\t\t<div class=\"elementor-widget-container\">\n\t\t\t\t\t\t\t<div class=\"elementor-icon-box-wrapper\">\n\n\t\t\t\t\t\t<div class=\"elementor-icon-box-icon\">\n\t\t\t\t<a href=\"http:\/\/sanpedrohuancayo.edu.pe\/wp-content\/uploads\/2023\/11\/IEP-SAN-PEDRO-RESOLUCIONES-DE-AUTORIZACION-DEL-SECTOR-EDUCACION.pdf\" target=\"_blank\" class=\"elementor-icon\" tabindex=\"-1\" aria-label=\"Resoluciones de Autorizaci\u00f3n del Sector Educaci\u00f3n\">\n\t\t\t\t<i aria-hidden=\"true\" class=\"far fa-file-pdf\"><\/i>\t\t\t\t<\/a>\n\t\t\t<\/div>\n\t\t\t\n\t\t\t\t\t\t<div class=\"elementor-icon-box-content\">\n\n\t\t\t\t\t\t\t\t\t<h3 class=\"elementor-icon-box-title\">\n\t\t\t\t\t\t<a href=\"http:\/\/sanpedrohuancayo.edu.pe\/wp-content\/uploads\/2023\/11\/IEP-SAN-PEDRO-RESOLUCIONES-DE-AUTORIZACION-DEL-SECTOR-EDUCACION.pdf\" target=\"_blank\" >\n\t\t\t\t\t\t\tResoluciones de Autorizaci\u00f3n del Sector Educaci\u00f3n\t\t\t\t\t\t<\/a>\n\t\t\t\t\t<\/h3>\n\t\t\t\t\n\t\t\t\t\n\t\t\t<\/div>\n\t\t\t\n\t\t<\/div>\n\t\t\t\t\t\t<\/div>\n\t\t\t\t<\/div>\n\t\t\t\t\t<\/div>\n\t\t<\/div>\n\t\t\t\t<div class=\"elementor-column elementor-col-33 elementor-top-column elementor-element elementor-element-3b79424 jltma-glass-effect-no\" data-id=\"3b79424\" data-element_type=\"column\">\n\t\t\t<div class=\"elementor-widget-wrap elementor-element-populated\">\n\t\t\t\t\t\t<div class=\"elementor-element elementor-element-31f63ec elementor-view-default elementor-position-top elementor-mobile-position-top jltma-glass-effect-no elementor-widget elementor-widget-icon-box\" data-id=\"31f63ec\" data-element_type=\"widget\" data-widget_type=\"icon-box.default\">\n\t\t\t\t<div class=\"elementor-widget-container\">\n\t\t\t\t\t\t\t<div class=\"elementor-icon-box-wrapper\">\n\n\t\t\t\t\t\t<div class=\"elementor-icon-box-icon\">\n\t\t\t\t<a href=\"http:\/\/sanpedrohuancayo.edu.pe\/wp-content\/uploads\/2024\/11\/IEP-SAN-PEDRO-DATOS-PROMOTOR-Y-DIRECTOR-2025.pdf\" target=\"_blank\" class=\"elementor-icon\" tabindex=\"-1\" aria-label=\"Datos del Promotor y Director 2025\">\n\t\t\t\t<i aria-hidden=\"true\" class=\"far fa-file-pdf\"><\/i>\t\t\t\t<\/a>\n\t\t\t<\/div>\n\t\t\t\n\t\t\t\t\t\t<div class=\"elementor-icon-box-content\">\n\n\t\t\t\t\t\t\t\t\t<h3 class=\"elementor-icon-box-title\">\n\t\t\t\t\t\t<a href=\"http:\/\/sanpedrohuancayo.edu.pe\/wp-content\/uploads\/2024\/11\/IEP-SAN-PEDRO-DATOS-PROMOTOR-Y-DIRECTOR-2025.pdf\" target=\"_blank\" >\n\t\t\t\t\t\t\tDatos del Promotor y Director 2025\t\t\t\t\t\t<\/a>\n\t\t\t\t\t<\/h3>\n\t\t\t\t\n\t\t\t\t\n\t\t\t<\/div>\n\t\t\t\n\t\t<\/div>\n\t\t\t\t\t\t<\/div>\n\t\t\t\t<\/div>\n\t\t\t\t\t<\/div>\n\t\t<\/div>\n\t\t\t\t<div class=\"elementor-column elementor-col-33 elementor-top-column elementor-element elementor-element-cf4e439 jltma-glass-effect-no\" data-id=\"cf4e439\" data-element_type=\"column\">\n\t\t\t<div class=\"elementor-widget-wrap elementor-element-populated\">\n\t\t\t\t\t\t<div class=\"elementor-element elementor-element-b3a02f5 elementor-view-default elementor-position-top elementor-mobile-position-top jltma-glass-effect-no elementor-widget elementor-widget-icon-box\" data-id=\"b3a02f5\" data-element_type=\"widget\" data-widget_type=\"icon-box.default\">\n\t\t\t\t<div class=\"elementor-widget-container\">\n\t\t\t\t\t\t\t<div class=\"elementor-icon-box-wrapper\">\n\n\t\t\t\t\t\t<div class=\"elementor-icon-box-icon\">\n\t\t\t\t<a href=\"http:\/\/sanpedrohuancayo.edu.pe\/wp-content\/uploads\/2025\/11\/IEP-SAN-PEDRO-REGLAMENTO-INTERNO-2026.pdf\" target=\"_blank\" class=\"elementor-icon\" tabindex=\"-1\" aria-label=\"Reglamento Interno 2026\">\n\t\t\t\t<i aria-hidden=\"true\" class=\"far fa-file-pdf\"><\/i>\t\t\t\t<\/a>\n\t\t\t<\/div>\n\t\t\t\n\t\t\t\t\t\t<div class=\"elementor-icon-box-content\">\n\n\t\t\t\t\t\t\t\t\t<h3 class=\"elementor-icon-box-title\">\n\t\t\t\t\t\t<a href=\"http:\/\/sanpedrohuancayo.edu.pe\/wp-content\/uploads\/2025\/11\/IEP-SAN-PEDRO-REGLAMENTO-INTERNO-2026.pdf\" target=\"_blank\" >\n\t\t\t\t\t\t\tReglamento Interno 2026\t\t\t\t\t\t<\/a>\n\t\t\t\t\t<\/h3>\n\t\t\t\t\n\t\t\t\t\n\t\t\t<\/div>\n\t\t\t\n\t\t<\/div>\n\t\t\t\t\t\t<\/div>\n\t\t\t\t<\/div>\n\t\t\t\t\t<\/div>\n\t\t<\/div>\n\t\t\t\t\t<\/div>\n\t\t<\/section>\n\t\t\t\t<section class=\"elementor-section elementor-top-section elementor-element elementor-element-e62303e elementor-section-boxed elementor-section-height-default elementor-section-height-default jltma-glass-effect-no\" data-id=\"e62303e\" data-element_type=\"section\">\n\t\t\t\t\t\t<div class=\"elementor-container elementor-column-gap-default\">\n\t\t\t\t\t<div class=\"elementor-column elementor-col-33 elementor-top-column elementor-element elementor-element-1112b21 jltma-glass-effect-no\" data-id=\"1112b21\" data-element_type=\"column\">\n\t\t\t<div class=\"elementor-widget-wrap elementor-element-populated\">\n\t\t\t\t\t\t<div class=\"elementor-element elementor-element-8776d5f elementor-view-default elementor-position-top elementor-mobile-position-top jltma-glass-effect-no elementor-widget elementor-widget-icon-box\" data-id=\"8776d5f\" data-element_type=\"widget\" data-widget_type=\"icon-box.default\">\n\t\t\t\t<div class=\"elementor-widget-container\">\n\t\t\t\t\t\t\t<div class=\"elementor-icon-box-wrapper\">\n\n\t\t\t\t\t\t<div class=\"elementor-icon-box-icon\">\n\t\t\t\t<a href=\"http:\/\/sanpedrohuancayo.edu.pe\/wp-content\/uploads\/2025\/11\/IEP-SAN-PEDRO-PROYECTO-CURRICULAR-INSTITUCIONAL-PCI-2026.pdf\" target=\"_blank\" class=\"elementor-icon\" tabindex=\"-1\" aria-label=\"Proyecto Curricular Institucional PCI 2026\">\n\t\t\t\t<i aria-hidden=\"true\" class=\"far fa-file-pdf\"><\/i>\t\t\t\t<\/a>\n\t\t\t<\/div>\n\t\t\t\n\t\t\t\t\t\t<div class=\"elementor-icon-box-content\">\n\n\t\t\t\t\t\t\t\t\t<h3 class=\"elementor-icon-box-title\">\n\t\t\t\t\t\t<a href=\"http:\/\/sanpedrohuancayo.edu.pe\/wp-content\/uploads\/2025\/11\/IEP-SAN-PEDRO-PROYECTO-CURRICULAR-INSTITUCIONAL-PCI-2026.pdf\" target=\"_blank\" >\n\t\t\t\t\t\t\tProyecto Curricular Institucional PCI 2026\t\t\t\t\t\t<\/a>\n\t\t\t\t\t<\/h3>\n\t\t\t\t\n\t\t\t\t\n\t\t\t<\/div>\n\t\t\t\n\t\t<\/div>\n\t\t\t\t\t\t<\/div>\n\t\t\t\t<\/div>\n\t\t\t\t\t<\/div>\n\t\t<\/div>\n\t\t\t\t<div class=\"elementor-column elementor-col-33 elementor-top-column elementor-element elementor-element-23a9336 jltma-glass-effect-no\" data-id=\"23a9336\" data-element_type=\"column\">\n\t\t\t<div class=\"elementor-widget-wrap elementor-element-populated\">\n\t\t\t\t\t\t<div class=\"elementor-element elementor-element-1b6cc17 elementor-view-default elementor-position-top elementor-mobile-position-top jltma-glass-effect-no elementor-widget elementor-widget-icon-box\" data-id=\"1b6cc17\" data-element_type=\"widget\" data-widget_type=\"icon-box.default\">\n\t\t\t\t<div class=\"elementor-widget-container\">\n\t\t\t\t\t\t\t<div class=\"elementor-icon-box-wrapper\">\n\n\t\t\t\t\t\t<div class=\"elementor-icon-box-icon\">\n\t\t\t\t<a href=\"http:\/\/sanpedrohuancayo.edu.pe\/wp-content\/uploads\/2023\/11\/IEP-SAN-PEDRO-PLAN-DEL-SAE-INTERNO-2024.pdf\" target=\"_blank\" class=\"elementor-icon\" tabindex=\"-1\" aria-label=\"Proyecto del SAE Interno 2024\">\n\t\t\t\t<i aria-hidden=\"true\" class=\"far fa-file-pdf\"><\/i>\t\t\t\t<\/a>\n\t\t\t<\/div>\n\t\t\t\n\t\t\t\t\t\t<div class=\"elementor-icon-box-content\">\n\n\t\t\t\t\t\t\t\t\t<h3 class=\"elementor-icon-box-title\">\n\t\t\t\t\t\t<a href=\"http:\/\/sanpedrohuancayo.edu.pe\/wp-content\/uploads\/2023\/11\/IEP-SAN-PEDRO-PLAN-DEL-SAE-INTERNO-2024.pdf\" target=\"_blank\" >\n\t\t\t\t\t\t\tProyecto del SAE Interno 2024\t\t\t\t\t\t<\/a>\n\t\t\t\t\t<\/h3>\n\t\t\t\t\n\t\t\t\t\n\t\t\t<\/div>\n\t\t\t\n\t\t<\/div>\n\t\t\t\t\t\t<\/div>\n\t\t\t\t<\/div>\n\t\t\t\t\t<\/div>\n\t\t<\/div>\n\t\t\t\t<div class=\"elementor-column elementor-col-33 elementor-top-column elementor-element elementor-element-00f2407 jltma-glass-effect-no\" data-id=\"00f2407\" data-element_type=\"column\">\n\t\t\t<div class=\"elementor-widget-wrap elementor-element-populated\">\n\t\t\t\t\t\t<div class=\"elementor-element elementor-element-99998d8 elementor-view-default elementor-position-top elementor-mobile-position-top jltma-glass-effect-no elementor-widget elementor-widget-icon-box\" data-id=\"99998d8\" data-element_type=\"widget\" data-widget_type=\"icon-box.default\">\n\t\t\t\t<div class=\"elementor-widget-container\">\n\t\t\t\t\t\t\t<div class=\"elementor-icon-box-wrapper\">\n\n\t\t\t\t\t\t<div class=\"elementor-icon-box-icon\">\n\t\t\t\t<a href=\"http:\/\/sanpedrohuancayo.edu.pe\/wp-content\/uploads\/2025\/11\/IEP-SAN-PEDRO-NORMAS-DE-CONVIVENCIA-2026.pdf\" target=\"_blank\" class=\"elementor-icon\" tabindex=\"-1\" aria-label=\"Normas de Convivencia 2026\">\n\t\t\t\t<i aria-hidden=\"true\" class=\"far fa-file-pdf\"><\/i>\t\t\t\t<\/a>\n\t\t\t<\/div>\n\t\t\t\n\t\t\t\t\t\t<div class=\"elementor-icon-box-content\">\n\n\t\t\t\t\t\t\t\t\t<h3 class=\"elementor-icon-box-title\">\n\t\t\t\t\t\t<a href=\"http:\/\/sanpedrohuancayo.edu.pe\/wp-content\/uploads\/2025\/11\/IEP-SAN-PEDRO-NORMAS-DE-CONVIVENCIA-2026.pdf\" target=\"_blank\" >\n\t\t\t\t\t\t\tNormas de Convivencia 2026\t\t\t\t\t\t<\/a>\n\t\t\t\t\t<\/h3>\n\t\t\t\t\n\t\t\t\t\n\t\t\t<\/div>\n\t\t\t\n\t\t<\/div>\n\t\t\t\t\t\t<\/div>\n\t\t\t\t<\/div>\n\t\t\t\t\t<\/div>\n\t\t<\/div>\n\t\t\t\t\t<\/div>\n\t\t<\/section>\n\t\t\t\t<section class=\"elementor-section elementor-top-section elementor-element elementor-element-ba94b3b elementor-section-boxed elementor-section-height-default elementor-section-height-default jltma-glass-effect-no\" data-id=\"ba94b3b\" data-element_type=\"section\">\n\t\t\t\t\t\t<div class=\"elementor-container elementor-column-gap-default\">\n\t\t\t\t\t<div class=\"elementor-column elementor-col-100 elementor-top-column elementor-element elementor-element-061c088 jltma-glass-effect-no\" data-id=\"061c088\" data-element_type=\"column\">\n\t\t\t<div class=\"elementor-widget-wrap elementor-element-populated\">\n\t\t\t\t\t\t<div class=\"elementor-element elementor-element-7fddc28 jltma-glass-effect-no elementor-widget elementor-widget-spacer\" data-id=\"7fddc28\" data-element_type=\"widget\" data-widget_type=\"spacer.default\">\n\t\t\t\t<div class=\"elementor-widget-container\">\n\t\t\t\t\t\t\t<div class=\"elementor-spacer\">\n\t\t\t<div class=\"elementor-spacer-inner\"><\/div>\n\t\t<\/div>\n\t\t\t\t\t\t<\/div>\n\t\t\t\t<\/div>\n\t\t\t\t\t<\/div>\n\t\t<\/div>\n\t\t\t\t\t<\/div>\n\t\t<\/section>\n\t\t\t\t<\/div>\n\t\t","protected":false},"excerpt":{"rendered":"<p>Documentos de Gesti\u00f3n Institucional 2025 Resoluciones de Autorizaci\u00f3n del Sector Educaci\u00f3n Datos del Promotor y Director 2025 Reglamento Interno 2026 Proyecto Curricular Institucional PCI 2026 Proyecto del SAE Interno 2024 [&hellip;]<\/p>\n","protected":false},"author":1,"featured_media":0,"parent":0,"menu_order":0,"comment_status":"closed","ping_status":"closed","template":"elementor_canvas","meta":{"footnotes":""},"class_list":["post-397","page","type-page","status-publish","hentry"],"yoast_head":"<!-- This site is optimized with the Yoast SEO plugin v26.4 - https:\/\/yoast.com\/wordpress\/plugins\/seo\/ -->\n<title>Documentos - Colegio San Pedro<\/title>\n<meta name=\"robots\" content=\"index, follow, max-snippet:-1, max-image-preview:large, max-video-preview:-1\" \/>\n<link rel=\"canonical\" href=\"https:\/\/sanpedrohuancayo.edu.pe\/index.php\/documentos\/\" \/>\n<meta property=\"og:locale\" content=\"es_ES\" \/>\n<meta property=\"og:type\" content=\"article\" \/>\n<meta property=\"og:title\" content=\"Documentos - Colegio San Pedro\" \/>\n<meta property=\"og:description\" content=\"Documentos de Gesti\u00f3n Institucional 2025 Resoluciones de Autorizaci\u00f3n del Sector Educaci\u00f3n Datos del Promotor y Director 2025 Reglamento Interno 2026 Proyecto Curricular Institucional PCI 2026 Proyecto del SAE Interno 2024 [&hellip;]\" \/>\n<meta property=\"og:url\" content=\"https:\/\/sanpedrohuancayo.edu.pe\/index.php\/documentos\/\" \/>\n<meta property=\"og:site_name\" content=\"Colegio San Pedro\" \/>\n<meta property=\"article:modified_time\" content=\"2025-11-24T14:55:25+00:00\" \/>\n<meta name=\"twitter:card\" content=\"summary_large_image\" \/>\n<script type=\"application\/ld+json\" class=\"yoast-schema-graph\">{\"@context\":\"https:\/\/schema.org\",\"@graph\":[{\"@type\":\"WebPage\",\"@id\":\"https:\/\/sanpedrohuancayo.edu.pe\/index.php\/documentos\/\",\"url\":\"https:\/\/sanpedrohuancayo.edu.pe\/index.php\/documentos\/\",\"name\":\"Documentos - Colegio San Pedro\",\"isPartOf\":{\"@id\":\"https:\/\/sanpedrohuancayo.edu.pe\/#website\"},\"datePublished\":\"2023-05-18T15:31:59+00:00\",\"dateModified\":\"2025-11-24T14:55:25+00:00\",\"breadcrumb\":{\"@id\":\"https:\/\/sanpedrohuancayo.edu.pe\/index.php\/documentos\/#breadcrumb\"},\"inLanguage\":\"es\",\"potentialAction\":[{\"@type\":\"ReadAction\",\"target\":[\"https:\/\/sanpedrohuancayo.edu.pe\/index.php\/documentos\/\"]}]},{\"@type\":\"BreadcrumbList\",\"@id\":\"https:\/\/sanpedrohuancayo.edu.pe\/index.php\/documentos\/#breadcrumb\",\"itemListElement\":[{\"@type\":\"ListItem\",\"position\":1,\"name\":\"Portada\",\"item\":\"https:\/\/sanpedrohuancayo.edu.pe\/\"},{\"@type\":\"ListItem\",\"position\":2,\"name\":\"Documentos\"}]},{\"@type\":\"WebSite\",\"@id\":\"https:\/\/sanpedrohuancayo.edu.pe\/#website\",\"url\":\"https:\/\/sanpedrohuancayo.edu.pe\/\",\"name\":\"Colegio San Pedro\",\"description\":\"Huancayo - Per\u00fa\",\"potentialAction\":[{\"@type\":\"SearchAction\",\"target\":{\"@type\":\"EntryPoint\",\"urlTemplate\":\"https:\/\/sanpedrohuancayo.edu.pe\/?s={search_term_string}\"},\"query-input\":{\"@type\":\"PropertyValueSpecification\",\"valueRequired\":true,\"valueName\":\"search_term_string\"}}],\"inLanguage\":\"es\"}]}<\/script>\n<!-- \/ Yoast SEO plugin. -->","yoast_head_json":{"title":"Documentos - Colegio San Pedro","robots":{"index":"index","follow":"follow","max-snippet":"max-snippet:-1","max-image-preview":"max-image-preview:large","max-video-preview":"max-video-preview:-1"},"canonical":"https:\/\/sanpedrohuancayo.edu.pe\/index.php\/documentos\/","og_locale":"es_ES","og_type":"article","og_title":"Documentos - Colegio San Pedro","og_description":"Documentos de Gesti\u00f3n Institucional 2025 Resoluciones de Autorizaci\u00f3n del Sector Educaci\u00f3n Datos del Promotor y Director 2025 Reglamento Interno 2026 Proyecto Curricular Institucional PCI 2026 Proyecto del SAE Interno 2024 [&hellip;]","og_url":"https:\/\/sanpedrohuancayo.edu.pe\/index.php\/documentos\/","og_site_name":"Colegio San Pedro","article_modified_time":"2025-11-24T14:55:25+00:00","twitter_card":"summary_large_image","schema":{"@context":"https:\/\/schema.org","@graph":[{"@type":"WebPage","@id":"https:\/\/sanpedrohuancayo.edu.pe\/index.php\/documentos\/","url":"https:\/\/sanpedrohuancayo.edu.pe\/index.php\/documentos\/","name":"Documentos - Colegio San Pedro","isPartOf":{"@id":"https:\/\/sanpedrohuancayo.edu.pe\/#website"},"datePublished":"2023-05-18T15:31:59+00:00","dateModified":"2025-11-24T14:55:25+00:00","breadcrumb":{"@id":"https:\/\/sanpedrohuancayo.edu.pe\/index.php\/documentos\/#breadcrumb"},"inLanguage":"es","potentialAction":[{"@type":"ReadAction","target":["https:\/\/sanpedrohuancayo.edu.pe\/index.php\/documentos\/"]}]},{"@type":"BreadcrumbList","@id":"https:\/\/sanpedrohuancayo.edu.pe\/index.php\/documentos\/#breadcrumb","itemListElement":[{"@type":"ListItem","position":1,"name":"Portada","item":"https:\/\/sanpedrohuancayo.edu.pe\/"},{"@type":"ListItem","position":2,"name":"Documentos"}]},{"@type":"WebSite","@id":"https:\/\/sanpedrohuancayo.edu.pe\/#website","url":"https:\/\/sanpedrohuancayo.edu.pe\/","name":"Colegio San Pedro","description":"Huancayo - Per\u00fa","potentialAction":[{"@type":"SearchAction","target":{"@type":"EntryPoint","urlTemplate":"https:\/\/sanpedrohuancayo.edu.pe\/?s={search_term_string}"},"query-input":{"@type":"PropertyValueSpecification","valueRequired":true,"valueName":"search_term_string"}}],"inLanguage":"es"}]}},"_links":{"self":[{"href":"https:\/\/sanpedrohuancayo.edu.pe\/index.php\/wp-json\/wp\/v2\/pages\/397","targetHints":{"allow":["GET"]}}],"collection":[{"href":"https:\/\/sanpedrohuancayo.edu.pe\/index.php\/wp-json\/wp\/v2\/pages"}],"about":[{"href":"https:\/\/sanpedrohuancayo.edu.pe\/index.php\/wp-json\/wp\/v2\/types\/page"}],"author":[{"embeddable":true,"href":"https:\/\/sanpedrohuancayo.edu.pe\/index.php\/wp-json\/wp\/v2\/users\/1"}],"replies":[{"embeddable":true,"href":"https:\/\/sanpedrohuancayo.edu.pe\/index.php\/wp-json\/wp\/v2\/comments?post=397"}],"version-history":[{"count":43,"href":"https:\/\/sanpedrohuancayo.edu.pe\/index.php\/wp-json\/wp\/v2\/pages\/397\/revisions"}],"predecessor-version":[{"id":613,"href":"https:\/\/sanpedrohuancayo.edu.pe\/index.php\/wp-json\/wp\/v2\/pages\/397\/revisions\/613"}],"wp:attachment":[{"href":"https:\/\/sanpedrohuancayo.edu.pe\/index.php\/wp-json\/wp\/v2\/media?parent=397"}],"curies":[{"name":"wp","href":"https:\/\/api.w.org\/{rel}","templated":true}]}}